{"id":1283,"date":"2025-09-26T14:06:28","date_gmt":"2025-09-26T14:06:28","guid":{"rendered":"https:\/\/taipan.ro\/?page_id=1283"},"modified":"2025-09-26T14:06:28","modified_gmt":"2025-09-26T14:06:28","slug":"despre-noi-2","status":"publish","type":"page","link":"https:\/\/taipan.ro\/index.php\/despre-noi-2\/","title":{"rendered":"Despre noi"},"content":{"rendered":"<p>[vc_row][vc_column]\n\t\t\t<!-- START Slider 1 REVOLUTION SLIDER 6.5.5 --><p class=\"rs-p-wp-fix\"><\/p>\n\t\t\t<rs-module-wrap id=\"rev_slider_1_1_wrapper\" data-source=\"gallery\" style=\"visibility:hidden;background:transparent;padding:0;margin:0px auto;margin-top:0;margin-bottom:0;\">\n\t\t\t\t<rs-module id=\"rev_slider_1_1\" style=\"\" data-version=\"6.5.5\">\n\t\t\t\t\t<rs-slides>\n\t\t\t\t\t\t<rs-slide style=\"position: absolute;\" data-key=\"rs-1\" data-title=\"Slide\" data-in=\"o:0;\" data-out=\"a:false;\">\n\t\t\t\t\t\t\t<img loading=\"lazy\" decoding=\"async\" src=\"\/\/taipan.ro\/wp-content\/plugins\/revslider\/public\/assets\/assets\/dummy.png\" title=\"taipan banner 2\" width=\"1920\" height=\"900\" class=\"rev-slidebg tp-rs-img rs-lazyload\" data-lazyload=\"\/\/taipan.ro\/wp-content\/uploads\/2025\/12\/taipan-banner-2.jpg\" data-no-retina>\n<!---->\t\t\t\t\t\t<\/rs-slide>\n\t\t\t\t\t<\/rs-slides>\n\t\t\t\t<\/rs-module>\n\t\t\t\t<script type=\"text\/javascript\">\n\t\t\t\t\tsetREVStartSize({c: 'rev_slider_1_1',rl:[1240,1024,778,480],el:[600],gw:[1240],gh:[600],type:'standard',justify:'',layout:'fullwidth',mh:\"0\"});if (window.RS_MODULES!==undefined && window.RS_MODULES.modules!==undefined && window.RS_MODULES.modules[\"revslider11\"]!==undefined) {window.RS_MODULES.modules[\"revslider11\"].once = false;window.revapi1 = undefined;window.RS_MODULES.checkMinimal()}\n\t\t\t\t<\/script>\n\t\t\t<\/rs-module-wrap>\n\t\t\t<!-- END REVOLUTION SLIDER -->\n[vc_empty_space][\/vc_column][\/vc_row][vc_row][vc_column][vc_column_text]<\/p>\n<h2 data-start=\"144\" data-end=\"159\">Despre noi<\/h2>\n<p data-start=\"161\" data-end=\"537\"><strong data-start=\"161\" data-end=\"227\">Bine a\u021bi venit la TAIPAN Produc\u021bie \u0219i Comer\u021b Import Export SRL<\/strong>, o companie cu sediul \u00een Cluj, care de peste <strong data-start=\"273\" data-end=\"286\">33 de ani<\/strong> ofer\u0103 solu\u021bii de \u00eencredere \u00een domeniul mecanicii generale. De-a lungul timpului, am acumulat o experien\u021b\u0103 solid\u0103 \u0219i am reu\u0219it s\u0103 ne adapt\u0103m constant cerin\u021belor pie\u021bei, devenind un partener de n\u0103dejde pentru numeroase companii din diverse industrii.<\/p>\n<p data-start=\"539\" data-end=\"780\">Ne-am specializat \u00een <strong data-start=\"560\" data-end=\"641\">furnizarea de servicii de mentenan\u021b\u0103 \u0219i revizie pentru echipamente de ridicat<\/strong>, precum \u0219i \u00een lucr\u0103ri de mecanic\u0103 general\u0103, av\u00e2nd mereu ca obiectiv siguran\u021ba, fiabilitatea \u0219i performan\u021ba utilajelor clien\u021bilor no\u0219tri.<\/p>\n<h3 data-start=\"782\" data-end=\"805\">Certificare ISCIR<\/h3>\n<p data-start=\"806\" data-end=\"1135\">Suntem <strong data-start=\"813\" data-end=\"833\">autoriza\u021bi ISCIR<\/strong>, fapt ce confirm\u0103 c\u0103 toate echipamentele \u0219i serviciile pe care le oferim respect\u0103 cele mai stricte norme de siguran\u021b\u0103 \u0219i eficien\u021b\u0103. Aceast\u0103 certificare reprezint\u0103 o garan\u021bie pentru clien\u021bii no\u0219tri c\u0103 lucr\u0103m la standarde \u00eenalte \u0219i c\u0103 ne asum\u0103m responsabilitatea pentru calitatea fiec\u0103rei interven\u021bii.<\/p>\n<h3 data-start=\"1137\" data-end=\"1162\">De ce s\u0103 ne alege\u021bi<\/h3>\n<p data-start=\"1163\" data-end=\"1238\">La <strong data-start=\"1166\" data-end=\"1176\">TAIPAN<\/strong>, succesul nostru se bazeaz\u0103 pe trei principii fundamentale:<\/p>\n<ul data-start=\"1239\" data-end=\"1670\">\n<li data-start=\"1239\" data-end=\"1391\">\n<p data-start=\"1241\" data-end=\"1391\"><strong data-start=\"1241\" data-end=\"1255\">Experien\u021b\u0103<\/strong> \u2013 peste trei decenii de activitate ne ofer\u0103 know-how-ul necesar pentru a g\u0103si solu\u021bii rapide \u0219i eficiente la orice provocare tehnic\u0103.<\/p>\n<\/li>\n<li data-start=\"1392\" data-end=\"1519\">\n<p data-start=\"1394\" data-end=\"1519\"><strong data-start=\"1394\" data-end=\"1418\">Calitate \u0219i inova\u021bie<\/strong> \u2013 folosim tehnologii moderne \u0219i respect\u0103m proceduri riguroase pentru a asigura rezultate durabile.<\/p>\n<\/li>\n<li data-start=\"1520\" data-end=\"1670\">\n<p data-start=\"1522\" data-end=\"1670\"><strong data-start=\"1522\" data-end=\"1552\">Parteneriat pe termen lung<\/strong> \u2013 credem \u00een rela\u021bii bazate pe \u00eencredere, profesionalism \u0219i transparen\u021b\u0103, oferind suport constant clien\u021bilor no\u0219tri.<\/p>\n<\/li>\n<\/ul>\n<p data-start=\"1672\" data-end=\"1843\">Angajamentul nostru este s\u0103 oferim <strong data-start=\"1707\" data-end=\"1732\">solu\u021bii personalizate<\/strong>, adaptate nevoilor fiec\u0103rui client, astfel \u00eenc\u00e2t echipamentele s\u0103 func\u021bioneze optim \u0219i \u00een deplin\u0103 siguran\u021b\u0103.<\/p>\n<p>[\/vc_column_text][\/vc_column][\/vc_row][vc_row][vc_column][vc_column_text]<\/p>\n<p style=\"text-align: left;\"><b>TAIPAN Produc\u021bie \u0219i Comer\u021b Import Export SRL<\/b><\/p>\n<p style=\"text-align: left;\"><b>Cod Unic de \u00cenregistrare:<\/b><span style=\"font-weight: 400;\"> RO 237164\u00a0<\/span><\/p>\n<p style=\"text-align: left;\"><b>Num\u0103r \u00cenmatriculare:<\/b><span style=\"font-weight: 400;\"> J12\/614\/1992 <\/span><b>EUID:<\/b><span style=\"font-weight: 400;\"> ROONRC.J12\/614\/1992<\/span><\/p>\n<p style=\"text-align: left;\"><b>Data \u00cenfiin\u021b\u0103rii:<\/b><span style=\"font-weight: 400;\"> 12.02.1992 (33 de ani de experien\u021b\u0103)<\/span><\/p>\n<p>[\/vc_column_text][\/vc_column][\/vc_row]<\/p>\n","protected":false},"excerpt":{"rendered":"<p>[vc_row][vc_column][vc_empty_space][\/vc_column][\/vc_row][vc_row][vc_column][vc_column_text] Despre noi Bine a\u021bi venit la TAIPAN Produc\u021bie \u0219i Comer\u021b Import Export SRL, o companie cu sediul \u00een Cluj, care de peste 33 de ani ofer\u0103 solu\u021bii de \u00eencredere \u00een domeniul mecanicii generale. De-a lungul timpului, am acumulat o experien\u021b\u0103 solid\u0103 \u0219i am reu\u0219it s\u0103 ne adapt\u0103m constant cerin\u021belor pie\u021bei, devenind un partener de [&hellip;]<\/p>\n","protected":false},"author":1,"featured_media":0,"parent":0,"menu_order":0,"comment_status":"closed","ping_status":"closed","template":"page-templates\/template-canvas.php","meta":{"footnotes":""},"class_list":["post-1283","page","type-page","status-publish","hentry"],"_links":{"self":[{"href":"https:\/\/taipan.ro\/index.php\/wp-json\/wp\/v2\/pages\/1283","targetHints":{"allow":["GET"]}}],"collection":[{"href":"https:\/\/taipan.ro\/index.php\/wp-json\/wp\/v2\/pages"}],"about":[{"href":"https:\/\/taipan.ro\/index.php\/wp-json\/wp\/v2\/types\/page"}],"author":[{"embeddable":true,"href":"https:\/\/taipan.ro\/index.php\/wp-json\/wp\/v2\/users\/1"}],"replies":[{"embeddable":true,"href":"https:\/\/taipan.ro\/index.php\/wp-json\/wp\/v2\/comments?post=1283"}],"version-history":[{"count":4,"href":"https:\/\/taipan.ro\/index.php\/wp-json\/wp\/v2\/pages\/1283\/revisions"}],"predecessor-version":[{"id":1287,"href":"https:\/\/taipan.ro\/index.php\/wp-json\/wp\/v2\/pages\/1283\/revisions\/1287"}],"wp:attachment":[{"href":"https:\/\/taipan.ro\/index.php\/wp-json\/wp\/v2\/media?parent=1283"}],"curies":[{"name":"wp","href":"https:\/\/api.w.org\/{rel}","templated":true}]}}