{"id":1276,"date":"2025-09-26T14:01:26","date_gmt":"2025-09-26T14:01:26","guid":{"rendered":"https:\/\/taipan.ro\/?page_id=1276"},"modified":"2025-09-26T14:01:26","modified_gmt":"2025-09-26T14:01:26","slug":"servicii","status":"publish","type":"page","link":"https:\/\/taipan.ro\/index.php\/servicii\/","title":{"rendered":"Servicii"},"content":{"rendered":"<p>[vc_row][vc_column]\n\t\t\t<!-- START Slider 1 REVOLUTION SLIDER 6.5.5 --><p class=\"rs-p-wp-fix\"><\/p>\n\t\t\t<rs-module-wrap id=\"rev_slider_1_1_wrapper\" data-source=\"gallery\" style=\"visibility:hidden;background:transparent;padding:0;margin:0px auto;margin-top:0;margin-bottom:0;\">\n\t\t\t\t<rs-module id=\"rev_slider_1_1\" style=\"\" data-version=\"6.5.5\">\n\t\t\t\t\t<rs-slides>\n\t\t\t\t\t\t<rs-slide style=\"position: absolute;\" data-key=\"rs-1\" data-title=\"Slide\" data-in=\"o:0;\" data-out=\"a:false;\">\n\t\t\t\t\t\t\t<img loading=\"lazy\" decoding=\"async\" src=\"\/\/taipan.ro\/wp-content\/plugins\/revslider\/public\/assets\/assets\/dummy.png\" title=\"taipan banner 2\" width=\"1920\" height=\"900\" class=\"rev-slidebg tp-rs-img rs-lazyload\" data-lazyload=\"\/\/taipan.ro\/wp-content\/uploads\/2025\/12\/taipan-banner-2.jpg\" data-no-retina>\n<!---->\t\t\t\t\t\t<\/rs-slide>\n\t\t\t\t\t<\/rs-slides>\n\t\t\t\t<\/rs-module>\n\t\t\t\t<script type=\"text\/javascript\">\n\t\t\t\t\tsetREVStartSize({c: 'rev_slider_1_1',rl:[1240,1024,778,480],el:[600],gw:[1240],gh:[600],type:'standard',justify:'',layout:'fullwidth',mh:\"0\"});if (window.RS_MODULES!==undefined && window.RS_MODULES.modules!==undefined && window.RS_MODULES.modules[\"revslider11\"]!==undefined) {window.RS_MODULES.modules[\"revslider11\"].once = false;window.revapi1 = undefined;window.RS_MODULES.checkMinimal()}\n\t\t\t\t<\/script>\n\t\t\t<\/rs-module-wrap>\n\t\t\t<!-- END REVOLUTION SLIDER -->\n[\/vc_column][\/vc_row][vc_row][vc_column][vc_empty_space][\/vc_column][\/vc_row][vc_row][vc_column][vc_column_text]<\/p>\n<h5 style=\"text-align: center;\">La <strong data-start=\"255\" data-end=\"265\">TAIPAN<\/strong>, ne concentr\u0103m pe opera\u021biuni de mecanic\u0103 general\u0103 \u0219i servicii specializate pentru \u00eentre\u021binerea \u0219i revizia echipamentelor de ridicat. \u0218tim c\u00e2t de important este ca utilajele s\u0103 func\u021bioneze \u00een siguran\u021b\u0103 \u0219i f\u0103r\u0103 \u00eentreruperi, de aceea intervenim prompt \u0219i cu solu\u021bii adaptate fiec\u0103rei situa\u021bii.<\/h5>\n<p>[\/vc_column_text][\/vc_column][\/vc_row][vc_row][vc_column][vc_empty_space][\/vc_column][\/vc_row][vc_row][vc_column width=&#8221;1\/2&#8243;][vc_text_separator title=&#8221;\u00centre\u021binere \u0219i revizii instala\u021bii de ridicat&#8221;][vc_column_text]Asigur\u0103m revizii periodice \u0219i lucr\u0103ri de \u00eentre\u021binere pentru toate tipurile de instala\u021bii de ridicat, astfel \u00eenc\u00e2t s\u0103 respecta\u021bi normele de siguran\u021b\u0103 \u0219i s\u0103 evita\u021bi opririle neplanificate.[\/vc_column_text][\/vc_column][vc_column width=&#8221;1\/2&#8243;][vc_text_separator title=&#8221;Macarale&#8221;][vc_column_text]Oferim service complet pentru macarale, de la verific\u0103ri tehnice, lubrifiere \u0219i reglaje, p\u00e2n\u0103 la repara\u021bii complexe. Scopul nostru este s\u0103 prelungim durata de via\u021b\u0103 a echipamentului \u0219i s\u0103 \u00eei men\u021binem performan\u021ba optim\u0103.[\/vc_column_text][\/vc_column][\/vc_row][vc_row][vc_column width=&#8221;1\/2&#8243;][vc_text_separator title=&#8221;Stivuitoare&#8221;][vc_column_text]Mentenan\u021ba preventiv\u0103 \u0219i corectiv\u0103 pentru stivuitoare este esen\u021bial\u0103 pentru desf\u0103\u0219urarea activit\u0103\u021bii zilnice. Ne ocup\u0103m de verific\u0103ri electrice \u0219i mecanice, \u00eenlocuirea pieselor uzate \u0219i calibrarea echipamentului.[\/vc_column_text][\/vc_column][vc_column width=&#8221;1\/2&#8243;][vc_text_separator title=&#8221;Elevatoare auto&#8221;][vc_column_text]Pentru service-uri \u0219i ateliere auto, oferim \u00eentre\u021binere \u0219i repara\u021bii pentru elevatoare. Ne asigur\u0103m c\u0103 echipamentele func\u021bioneaz\u0103 corect, garant\u00e2nd siguran\u021ba at\u00e2t pentru mecanici, c\u00e2t \u0219i pentru clien\u021bi.[\/vc_column_text][\/vc_column][\/vc_row][vc_row][vc_column width=&#8221;1\/2&#8243;][vc_text_separator title=&#8221;Platforme \u0219i nacele&#8221;][vc_column_text]Execut\u0103m revizii \u0219i lucr\u0103ri de \u00eentre\u021binere pentru platforme de lucru la \u00een\u0103l\u021bime \u0219i nacele, astfel \u00eenc\u00e2t utilizarea lor s\u0103 fie sigur\u0103 \u0219i eficient\u0103. Verific\u0103m sistemele hidraulice, electrice \u0219i structura de rezisten\u021b\u0103.[\/vc_column_text][\/vc_column][vc_column width=&#8221;1\/2&#8243;][vc_text_separator title=&#8221;Transpalete&#8221;][vc_column_text]Oferim servicii de repara\u021bii \u0219i \u00eentre\u021binere pentru transpalete manuale \u0219i electrice. Verific\u0103m \u0219i \u00eenlocuim ro\u021bi, pompe \u0219i alte componente, astfel \u00eenc\u00e2t manipularea m\u0103rfurilor s\u0103 se desf\u0103\u0219oare f\u0103r\u0103 probleme.[\/vc_column_text][\/vc_column][\/vc_row][vc_row][vc_column][vc_empty_space][\/vc_column][\/vc_row][vc_row][vc_column][vc_column_text]<\/p>\n<h5 style=\"text-align: center;\">Fiecare serviciu este realizat cu <strong data-start=\"2018\" data-end=\"2073\">profesionalism, promptitudine \u0219i aten\u021bie la detalii<\/strong>, av\u00e2nd ca obiectiv men\u021binerea echipamentelor dumneavoastr\u0103 la parametrii optimi de func\u021bionare.<\/h5>\n<p>[\/vc_column_text][\/vc_column][\/vc_row]<\/p>\n","protected":false},"excerpt":{"rendered":"<p>[vc_row][vc_column][\/vc_column][\/vc_row][vc_row][vc_column][vc_empty_space][\/vc_column][\/vc_row][vc_row][vc_column][vc_column_text] La TAIPAN, ne concentr\u0103m pe opera\u021biuni de mecanic\u0103 general\u0103 \u0219i servicii specializate pentru \u00eentre\u021binerea \u0219i revizia echipamentelor de ridicat. \u0218tim c\u00e2t de important este ca utilajele s\u0103 func\u021bioneze \u00een siguran\u021b\u0103 \u0219i f\u0103r\u0103 \u00eentreruperi, de aceea intervenim prompt \u0219i cu solu\u021bii adaptate fiec\u0103rei situa\u021bii. [\/vc_column_text][\/vc_column][\/vc_row][vc_row][vc_column][vc_empty_space][\/vc_column][\/vc_row][vc_row][vc_column width=&#8221;1\/2&#8243;][vc_text_separator title=&#8221;\u00centre\u021binere \u0219i revizii instala\u021bii de ridicat&#8221;][vc_column_text]Asigur\u0103m revizii periodice \u0219i [&hellip;]<\/p>\n","protected":false},"author":1,"featured_media":0,"parent":0,"menu_order":0,"comment_status":"closed","ping_status":"closed","template":"page-templates\/template-canvas.php","meta":{"footnotes":""},"class_list":["post-1276","page","type-page","status-publish","hentry"],"_links":{"self":[{"href":"https:\/\/taipan.ro\/index.php\/wp-json\/wp\/v2\/pages\/1276","targetHints":{"allow":["GET"]}}],"collection":[{"href":"https:\/\/taipan.ro\/index.php\/wp-json\/wp\/v2\/pages"}],"about":[{"href":"https:\/\/taipan.ro\/index.php\/wp-json\/wp\/v2\/types\/page"}],"author":[{"embeddable":true,"href":"https:\/\/taipan.ro\/index.php\/wp-json\/wp\/v2\/users\/1"}],"replies":[{"embeddable":true,"href":"https:\/\/taipan.ro\/index.php\/wp-json\/wp\/v2\/comments?post=1276"}],"version-history":[{"count":5,"href":"https:\/\/taipan.ro\/index.php\/wp-json\/wp\/v2\/pages\/1276\/revisions"}],"predecessor-version":[{"id":1281,"href":"https:\/\/taipan.ro\/index.php\/wp-json\/wp\/v2\/pages\/1276\/revisions\/1281"}],"wp:attachment":[{"href":"https:\/\/taipan.ro\/index.php\/wp-json\/wp\/v2\/media?parent=1276"}],"curies":[{"name":"wp","href":"https:\/\/api.w.org\/{rel}","templated":true}]}}